{"id":4552,"date":"2025-08-18T11:06:39","date_gmt":"2025-08-18T14:06:39","guid":{"rendered":"https:\/\/imoveisemporto.com.br\/azuladm\/?page_id=4552"},"modified":"2025-09-08T17:54:27","modified_gmt":"2025-09-08T20:54:27","slug":"solucoes-azul","status":"publish","type":"page","link":"https:\/\/imoveisemporto.com.br\/azuladm\/solucoes-azul\/","title":{"rendered":"Solu\u00e7\u00f5es Azul"},"content":{"rendered":"\t\t<div data-elementor-type=\"wp-page\" data-elementor-id=\"4552\" class=\"elementor elementor-4552\" data-elementor-post-type=\"page\">\n\t\t\t\t<div class=\"elementor-element elementor-element-aea39e3 e-flex e-con-boxed e-con e-parent\" data-id=\"aea39e3\" data-element_type=\"container\">\n\t\t\t\t\t<div class=\"e-con-inner\">\n\t\t<div class=\"elementor-element elementor-element-680d23e e-con-full e-flex e-con e-child\" data-id=\"680d23e\" data-element_type=\"container\" data-settings=\"{&quot;background_background&quot;:&quot;classic&quot;}\">\n\t\t\t\t<div class=\"elementor-element elementor-element-c0afb5b elementor-widget elementor-widget-heading\" data-id=\"c0afb5b\" data-element_type=\"widget\" data-widget_type=\"heading.default\">\n\t\t\t\t<div class=\"elementor-widget-container\">\n\t\t\t\t\t<h2 class=\"elementor-heading-title elementor-size-default\">Solu\u00e7\u00f5es Azul<\/h2>\t\t\t\t<\/div>\n\t\t\t\t<\/div>\n\t\t\t\t<\/div>\n\t\t\t\t\t<\/div>\n\t\t\t\t<\/div>\n\t\t<div class=\"elementor-element elementor-element-3ba1f8a e-flex e-con-boxed e-con e-parent\" data-id=\"3ba1f8a\" data-element_type=\"container\">\n\t\t\t\t\t<div class=\"e-con-inner\">\n\t\t<div class=\"elementor-element elementor-element-5f49386 e-con-full e-flex e-con e-child\" data-id=\"5f49386\" data-element_type=\"container\">\n\t\t<div class=\"elementor-element elementor-element-a02f318 e-con-full e-flex e-con e-child\" data-id=\"a02f318\" data-element_type=\"container\" data-settings=\"{&quot;background_background&quot;:&quot;classic&quot;}\">\n\t\t\t\t<div class=\"elementor-element elementor-element-29e497a elementor-widget elementor-widget-image\" data-id=\"29e497a\" data-element_type=\"widget\" data-widget_type=\"image.default\">\n\t\t\t\t<div class=\"elementor-widget-container\">\n\t\t\t\t\t\t\t\t\t\t\t\t\t\t\t<img fetchpriority=\"high\" decoding=\"async\" width=\"280\" height=\"280\" src=\"https:\/\/imoveisemporto.com.br\/azuladm\/wp-content\/uploads\/2025\/09\/Group-590.png\" class=\"attachment-large size-large wp-image-5259\" alt=\"\" srcset=\"https:\/\/imoveisemporto.com.br\/azuladm\/wp-content\/uploads\/2025\/09\/Group-590.png 280w, https:\/\/imoveisemporto.com.br\/azuladm\/wp-content\/uploads\/2025\/09\/Group-590-150x150.png 150w\" sizes=\"(max-width: 280px) 100vw, 280px\" \/>\t\t\t\t\t\t\t\t\t\t\t\t\t\t\t<\/div>\n\t\t\t\t<\/div>\n\t\t\t\t<div class=\"elementor-element elementor-element-8883a00 elementor-widget elementor-widget-heading\" data-id=\"8883a00\" data-element_type=\"widget\" data-widget_type=\"heading.default\">\n\t\t\t\t<div class=\"elementor-widget-container\">\n\t\t\t\t\t<h2 class=\"elementor-heading-title elementor-size-default\">Assessoria para s\u00edndicos, seguran\u00e7a e comodidade para moradores! <\/h2>\t\t\t\t<\/div>\n\t\t\t\t<\/div>\n\t\t\t\t<\/div>\n\t\t<div class=\"elementor-element elementor-element-778e3fa e-con-full e-flex e-con e-child\" data-id=\"778e3fa\" data-element_type=\"container\" data-settings=\"{&quot;background_background&quot;:&quot;classic&quot;}\">\n\t\t\t\t<div class=\"elementor-element elementor-element-b8ef308 elementor-widget elementor-widget-image\" data-id=\"b8ef308\" data-element_type=\"widget\" data-widget_type=\"image.default\">\n\t\t\t\t<div class=\"elementor-widget-container\">\n\t\t\t\t\t\t\t\t\t\t\t\t\t\t\t<img decoding=\"async\" width=\"280\" height=\"280\" src=\"https:\/\/imoveisemporto.com.br\/azuladm\/wp-content\/uploads\/2025\/09\/Group-589.png\" class=\"attachment-large size-large wp-image-5260\" alt=\"\" srcset=\"https:\/\/imoveisemporto.com.br\/azuladm\/wp-content\/uploads\/2025\/09\/Group-589.png 280w, https:\/\/imoveisemporto.com.br\/azuladm\/wp-content\/uploads\/2025\/09\/Group-589-150x150.png 150w\" sizes=\"(max-width: 280px) 100vw, 280px\" \/>\t\t\t\t\t\t\t\t\t\t\t\t\t\t\t<\/div>\n\t\t\t\t<\/div>\n\t\t\t\t<div class=\"elementor-element elementor-element-1ee169a elementor-widget elementor-widget-heading\" data-id=\"1ee169a\" data-element_type=\"widget\" data-widget_type=\"heading.default\">\n\t\t\t\t<div class=\"elementor-widget-container\">\n\t\t\t\t\t<h2 class=\"elementor-heading-title elementor-size-default\">Gest\u00e3o Financeira:\nCobran\u00e7a\nFolha de pagamento\nRelat\u00f3rios<\/h2>\t\t\t\t<\/div>\n\t\t\t\t<\/div>\n\t\t\t\t<\/div>\n\t\t<div class=\"elementor-element elementor-element-7719fda e-con-full e-flex e-con e-child\" data-id=\"7719fda\" data-element_type=\"container\" data-settings=\"{&quot;background_background&quot;:&quot;classic&quot;}\">\n\t\t\t\t<div class=\"elementor-element elementor-element-9c5d11e elementor-widget elementor-widget-image\" data-id=\"9c5d11e\" data-element_type=\"widget\" data-widget_type=\"image.default\">\n\t\t\t\t<div class=\"elementor-widget-container\">\n\t\t\t\t\t\t\t\t\t\t\t\t\t\t\t<img decoding=\"async\" width=\"280\" height=\"280\" src=\"https:\/\/imoveisemporto.com.br\/azuladm\/wp-content\/uploads\/2025\/09\/Group-588.png\" class=\"attachment-large size-large wp-image-5261\" alt=\"\" srcset=\"https:\/\/imoveisemporto.com.br\/azuladm\/wp-content\/uploads\/2025\/09\/Group-588.png 280w, https:\/\/imoveisemporto.com.br\/azuladm\/wp-content\/uploads\/2025\/09\/Group-588-150x150.png 150w\" sizes=\"(max-width: 280px) 100vw, 280px\" \/>\t\t\t\t\t\t\t\t\t\t\t\t\t\t\t<\/div>\n\t\t\t\t<\/div>\n\t\t\t\t<div class=\"elementor-element elementor-element-d6d88e7 elementor-widget elementor-widget-heading\" data-id=\"d6d88e7\" data-element_type=\"widget\" data-widget_type=\"heading.default\">\n\t\t\t\t<div class=\"elementor-widget-container\">\n\t\t\t\t\t<h2 class=\"elementor-heading-title elementor-size-default\">Solu\u00e7\u00f5es para gest\u00e3o de servi\u00e7os de seguran\u00e7a, limpeza e operacional<\/h2>\t\t\t\t<\/div>\n\t\t\t\t<\/div>\n\t\t\t\t<\/div>\n\t\t<div class=\"elementor-element elementor-element-63c3745 e-con-full e-flex e-con e-child\" data-id=\"63c3745\" data-element_type=\"container\" data-settings=\"{&quot;background_background&quot;:&quot;classic&quot;}\">\n\t\t\t\t<div class=\"elementor-element elementor-element-bd96b81 elementor-widget elementor-widget-image\" data-id=\"bd96b81\" data-element_type=\"widget\" data-widget_type=\"image.default\">\n\t\t\t\t<div class=\"elementor-widget-container\">\n\t\t\t\t\t\t\t\t\t\t\t\t\t\t\t<img loading=\"lazy\" decoding=\"async\" width=\"280\" height=\"280\" src=\"https:\/\/imoveisemporto.com.br\/azuladm\/wp-content\/uploads\/2025\/09\/Group-587.png\" class=\"attachment-large size-large wp-image-5262\" alt=\"\" srcset=\"https:\/\/imoveisemporto.com.br\/azuladm\/wp-content\/uploads\/2025\/09\/Group-587.png 280w, https:\/\/imoveisemporto.com.br\/azuladm\/wp-content\/uploads\/2025\/09\/Group-587-150x150.png 150w\" sizes=\"(max-width: 280px) 100vw, 280px\" \/>\t\t\t\t\t\t\t\t\t\t\t\t\t\t\t<\/div>\n\t\t\t\t<\/div>\n\t\t\t\t<div class=\"elementor-element elementor-element-342cb3d elementor-widget elementor-widget-heading\" data-id=\"342cb3d\" data-element_type=\"widget\" data-widget_type=\"heading.default\">\n\t\t\t\t<div class=\"elementor-widget-container\">\n\t\t\t\t\t<h2 class=\"elementor-heading-title elementor-size-default\">Media\u00e7\u00e3o de Conflitos: Assembleias\nNormas Compliance<\/h2>\t\t\t\t<\/div>\n\t\t\t\t<\/div>\n\t\t\t\t<\/div>\n\t\t<div class=\"elementor-element elementor-element-992e942 e-con-full e-flex e-con e-child\" data-id=\"992e942\" data-element_type=\"container\" data-settings=\"{&quot;background_background&quot;:&quot;classic&quot;}\">\n\t\t\t\t<div class=\"elementor-element elementor-element-c049bcd elementor-widget elementor-widget-image\" data-id=\"c049bcd\" data-element_type=\"widget\" data-widget_type=\"image.default\">\n\t\t\t\t<div class=\"elementor-widget-container\">\n\t\t\t\t\t\t\t\t\t\t\t\t\t\t\t<img loading=\"lazy\" decoding=\"async\" width=\"280\" height=\"280\" src=\"https:\/\/imoveisemporto.com.br\/azuladm\/wp-content\/uploads\/2025\/09\/Group-586.png\" class=\"attachment-large size-large wp-image-5263\" alt=\"\" srcset=\"https:\/\/imoveisemporto.com.br\/azuladm\/wp-content\/uploads\/2025\/09\/Group-586.png 280w, https:\/\/imoveisemporto.com.br\/azuladm\/wp-content\/uploads\/2025\/09\/Group-586-150x150.png 150w\" sizes=\"(max-width: 280px) 100vw, 280px\" \/>\t\t\t\t\t\t\t\t\t\t\t\t\t\t\t<\/div>\n\t\t\t\t<\/div>\n\t\t\t\t<div class=\"elementor-element elementor-element-f37fbb5 elementor-widget elementor-widget-heading\" data-id=\"f37fbb5\" data-element_type=\"widget\" data-widget_type=\"heading.default\">\n\t\t\t\t<div class=\"elementor-widget-container\">\n\t\t\t\t\t<h2 class=\"elementor-heading-title elementor-size-default\">Apoio jur\u00eddico para cumprimento das normativas legais<\/h2>\t\t\t\t<\/div>\n\t\t\t\t<\/div>\n\t\t\t\t<\/div>\n\t\t\t\t<\/div>\n\t\t\t\t<div class=\"elementor-element elementor-element-cc7f25e elementor-widget elementor-widget-heading\" data-id=\"cc7f25e\" data-element_type=\"widget\" data-widget_type=\"heading.default\">\n\t\t\t\t<div class=\"elementor-widget-container\">\n\t\t\t\t\t<h2 class=\"elementor-heading-title elementor-size-default\">Tudo isso em um atendimento integrado para nossos clientes!<\/h2>\t\t\t\t<\/div>\n\t\t\t\t<\/div>\n\t\t\t\t\t<\/div>\n\t\t\t\t<\/div>\n\t\t<div class=\"elementor-element elementor-element-4f41423 e-flex e-con-boxed e-con e-parent\" data-id=\"4f41423\" data-element_type=\"container\">\n\t\t\t\t\t<div class=\"e-con-inner\">\n\t\t\t\t<div class=\"elementor-element elementor-element-5ea533c elementor-align-center elementor-widget elementor-widget-button\" data-id=\"5ea533c\" data-element_type=\"widget\" data-widget_type=\"button.default\">\n\t\t\t\t<div class=\"elementor-widget-container\">\n\t\t\t\t\t\t\t\t\t<div class=\"elementor-button-wrapper\">\n\t\t\t\t\t<a class=\"elementor-button elementor-button-link elementor-size-sm\" href=\"http:\/\/wa.me\/557332682508\">\n\t\t\t\t\t\t<span class=\"elementor-button-content-wrapper\">\n\t\t\t\t\t\t\t\t\t<span class=\"elementor-button-text\">Fale com um especialista<\/span>\n\t\t\t\t\t<\/span>\n\t\t\t\t\t<\/a>\n\t\t\t\t<\/div>\n\t\t\t\t\t\t\t\t<\/div>\n\t\t\t\t<\/div>\n\t\t\t\t\t<\/div>\n\t\t\t\t<\/div>\n\t\t<div class=\"elementor-element elementor-element-034fac1 e-flex e-con-boxed e-con e-parent\" data-id=\"034fac1\" data-element_type=\"container\" data-settings=\"{&quot;background_background&quot;:&quot;classic&quot;}\">\n\t\t\t\t\t<div class=\"e-con-inner\">\n\t\t<div class=\"elementor-element elementor-element-8185a2a e-con-full e-flex e-con e-child\" data-id=\"8185a2a\" data-element_type=\"container\">\n\t\t\t\t<div class=\"elementor-element elementor-element-2976b15 elementor-widget elementor-widget-heading\" data-id=\"2976b15\" data-element_type=\"widget\" data-widget_type=\"heading.default\">\n\t\t\t\t<div class=\"elementor-widget-container\">\n\t\t\t\t\t<h2 class=\"elementor-heading-title elementor-size-default\">Conhe\u00e7a o nosso dia a dia<\/h2>\t\t\t\t<\/div>\n\t\t\t\t<\/div>\n\t\t\t\t<\/div>\n\t\t\t\t\t<\/div>\n\t\t\t\t<\/div>\n\t\t<div class=\"elementor-element elementor-element-0dc3951 e-flex e-con-boxed e-con e-parent\" data-id=\"0dc3951\" data-element_type=\"container\" data-settings=\"{&quot;background_background&quot;:&quot;classic&quot;}\">\n\t\t\t\t\t<div class=\"e-con-inner\">\n\t\t<div class=\"elementor-element elementor-element-f5e340a e-con-full e-flex e-con e-child\" data-id=\"f5e340a\" data-element_type=\"container\" data-settings=\"{&quot;background_background&quot;:&quot;video&quot;}\">\n\t\t\t\t<div class=\"elementor-element elementor-element-78f4470 elementor-view-default elementor-widget elementor-widget-icon\" data-id=\"78f4470\" data-element_type=\"widget\" data-widget_type=\"icon.default\">\n\t\t\t\t<div class=\"elementor-widget-container\">\n\t\t\t\t\t\t\t<div class=\"elementor-icon-wrapper\">\n\t\t\t<div class=\"elementor-icon\">\n\t\t\t<i aria-hidden=\"true\" class=\"far fa-play-circle\"><\/i>\t\t\t<\/div>\n\t\t<\/div>\n\t\t\t\t\t\t<\/div>\n\t\t\t\t<\/div>\n\t\t\t\t<\/div>\n\t\t\t\t\t<\/div>\n\t\t\t\t<\/div>\n\t\t\t\t<\/div>\n\t\t","protected":false},"excerpt":{"rendered":"<p>Solu\u00e7\u00f5es Azul Assessoria para s\u00edndicos, seguran\u00e7a e comodidade para moradores! Gest\u00e3o Financeira: Cobran\u00e7a Folha de pagamento Relat\u00f3rios Solu\u00e7\u00f5es para gest\u00e3o de servi\u00e7os de seguran\u00e7a, limpeza e operacional Media\u00e7\u00e3o de Conflitos: Assembleias Normas Compliance Apoio jur\u00eddico para cumprimento das normativas legais Tudo isso em um atendimento integrado para nossos clientes! Fale com um especialista Conhe\u00e7a o [&hellip;]<\/p>\n","protected":false},"author":2,"featured_media":0,"parent":0,"menu_order":0,"comment_status":"closed","ping_status":"closed","template":"","meta":{"footnotes":""},"class_list":["post-4552","page","type-page","status-publish","hentry"],"_links":{"self":[{"href":"https:\/\/imoveisemporto.com.br\/azuladm\/wp-json\/wp\/v2\/pages\/4552","targetHints":{"allow":["GET"]}}],"collection":[{"href":"https:\/\/imoveisemporto.com.br\/azuladm\/wp-json\/wp\/v2\/pages"}],"about":[{"href":"https:\/\/imoveisemporto.com.br\/azuladm\/wp-json\/wp\/v2\/types\/page"}],"author":[{"embeddable":true,"href":"https:\/\/imoveisemporto.com.br\/azuladm\/wp-json\/wp\/v2\/users\/2"}],"replies":[{"embeddable":true,"href":"https:\/\/imoveisemporto.com.br\/azuladm\/wp-json\/wp\/v2\/comments?post=4552"}],"version-history":[{"count":106,"href":"https:\/\/imoveisemporto.com.br\/azuladm\/wp-json\/wp\/v2\/pages\/4552\/revisions"}],"predecessor-version":[{"id":5284,"href":"https:\/\/imoveisemporto.com.br\/azuladm\/wp-json\/wp\/v2\/pages\/4552\/revisions\/5284"}],"wp:attachment":[{"href":"https:\/\/imoveisemporto.com.br\/azuladm\/wp-json\/wp\/v2\/media?parent=4552"}],"curies":[{"name":"wp","href":"https:\/\/api.w.org\/{rel}","templated":true}]}}