{"id":4522,"date":"2025-08-18T10:14:32","date_gmt":"2025-08-18T13:14:32","guid":{"rendered":"https:\/\/imoveisemporto.com.br\/azuladm\/?page_id=4522"},"modified":"2025-09-05T16:29:47","modified_gmt":"2025-09-05T19:29:47","slug":"quem-somos","status":"publish","type":"page","link":"https:\/\/imoveisemporto.com.br\/azuladm\/quem-somos\/","title":{"rendered":"Quem somos"},"content":{"rendered":"\t\t<div data-elementor-type=\"wp-page\" data-elementor-id=\"4522\" class=\"elementor elementor-4522\" data-elementor-post-type=\"page\">\n\t\t\t\t<div class=\"elementor-element elementor-element-aea39e3 e-flex e-con-boxed e-con e-parent\" data-id=\"aea39e3\" data-element_type=\"container\">\n\t\t\t\t\t<div class=\"e-con-inner\">\n\t\t<div class=\"elementor-element elementor-element-680d23e e-con-full e-flex e-con e-child\" data-id=\"680d23e\" data-element_type=\"container\" data-settings=\"{&quot;background_background&quot;:&quot;classic&quot;}\">\n\t\t\t\t<div class=\"elementor-element elementor-element-c0afb5b elementor-widget elementor-widget-heading\" data-id=\"c0afb5b\" data-element_type=\"widget\" data-widget_type=\"heading.default\">\n\t\t\t\t<div class=\"elementor-widget-container\">\n\t\t\t\t\t<h2 class=\"elementor-heading-title elementor-size-default\">Quem Somos<\/h2>\t\t\t\t<\/div>\n\t\t\t\t<\/div>\n\t\t\t\t<\/div>\n\t\t\t\t\t<\/div>\n\t\t\t\t<\/div>\n\t\t<div class=\"elementor-element elementor-element-91e4584 e-flex e-con-boxed e-con e-parent\" data-id=\"91e4584\" data-element_type=\"container\">\n\t\t\t\t\t<div class=\"e-con-inner\">\n\t\t<div class=\"elementor-element elementor-element-4e1f6de e-con-full e-flex e-con e-child\" data-id=\"4e1f6de\" data-element_type=\"container\">\n\t\t\t\t<div class=\"elementor-element elementor-element-2bdfc3f elementor-widget elementor-widget-text-editor\" data-id=\"2bdfc3f\" data-element_type=\"widget\" data-widget_type=\"text-editor.default\">\n\t\t\t\t<div class=\"elementor-widget-container\">\n\t\t\t\t\t\t\t\t\t<p>Voc\u00ea conquistou seu patrim\u00f4nio. N\u00f3s cuidamos dos outros detalhes.<br \/><strong>Nosso cliente vive a realiza\u00e7\u00e3o dos seus sonhos com a tranquilidade de ter seu patrim\u00f4nio sendo protegido e valorizado.<\/strong><\/p>\t\t\t\t\t\t\t\t<\/div>\n\t\t\t\t<\/div>\n\t\t\t\t<\/div>\n\t\t<div class=\"elementor-element elementor-element-7580d95 e-con-full e-flex e-con e-child\" data-id=\"7580d95\" data-element_type=\"container\">\n\t\t\t\t<div class=\"elementor-element elementor-element-362cab5 elementor-widget elementor-widget-image\" data-id=\"362cab5\" data-element_type=\"widget\" data-widget_type=\"image.default\">\n\t\t\t\t<div class=\"elementor-widget-container\">\n\t\t\t\t\t\t\t\t\t\t\t\t\t\t\t<img fetchpriority=\"high\" decoding=\"async\" width=\"800\" height=\"540\" src=\"https:\/\/imoveisemporto.com.br\/azuladm\/wp-content\/uploads\/2025\/09\/captura-de-tela-2022-03-31-as-08.17.56-1415x955-1-1024x691.png\" class=\"attachment-large size-large wp-image-5110\" alt=\"\" srcset=\"https:\/\/imoveisemporto.com.br\/azuladm\/wp-content\/uploads\/2025\/09\/captura-de-tela-2022-03-31-as-08.17.56-1415x955-1-1024x691.png 1024w, https:\/\/imoveisemporto.com.br\/azuladm\/wp-content\/uploads\/2025\/09\/captura-de-tela-2022-03-31-as-08.17.56-1415x955-1-300x202.png 300w, https:\/\/imoveisemporto.com.br\/azuladm\/wp-content\/uploads\/2025\/09\/captura-de-tela-2022-03-31-as-08.17.56-1415x955-1-768x518.png 768w, https:\/\/imoveisemporto.com.br\/azuladm\/wp-content\/uploads\/2025\/09\/captura-de-tela-2022-03-31-as-08.17.56-1415x955-1.png 1415w\" sizes=\"(max-width: 800px) 100vw, 800px\" \/>\t\t\t\t\t\t\t\t\t\t\t\t\t\t\t<\/div>\n\t\t\t\t<\/div>\n\t\t\t\t<\/div>\n\t\t\t\t\t<\/div>\n\t\t\t\t<\/div>\n\t\t<div class=\"elementor-element elementor-element-78f6016 e-flex e-con-boxed e-con e-parent\" data-id=\"78f6016\" data-element_type=\"container\" data-settings=\"{&quot;background_background&quot;:&quot;classic&quot;}\">\n\t\t\t\t\t<div class=\"e-con-inner\">\n\t\t<div class=\"elementor-element elementor-element-3f04429 e-con-full e-flex e-con e-child\" data-id=\"3f04429\" data-element_type=\"container\">\n\t\t\t\t<div class=\"elementor-element elementor-element-dcab9d2 elementor-widget elementor-widget-heading\" data-id=\"dcab9d2\" data-element_type=\"widget\" data-widget_type=\"heading.default\">\n\t\t\t\t<div class=\"elementor-widget-container\">\n\t\t\t\t\t<h2 class=\"elementor-heading-title elementor-size-default\">Uma empresa s\u00f3lida para cuidar da sua.<\/h2>\t\t\t\t<\/div>\n\t\t\t\t<\/div>\n\t\t\t\t<\/div>\n\t\t\t\t\t<\/div>\n\t\t\t\t<\/div>\n\t\t<div class=\"elementor-element elementor-element-928e727 e-flex e-con-boxed e-con e-parent\" data-id=\"928e727\" data-element_type=\"container\" data-settings=\"{&quot;background_background&quot;:&quot;classic&quot;}\">\n\t\t\t\t\t<div class=\"e-con-inner\">\n\t\t<div class=\"elementor-element elementor-element-b769ded e-con-full e-flex e-con e-child\" data-id=\"b769ded\" data-element_type=\"container\" data-settings=\"{&quot;background_background&quot;:&quot;video&quot;,&quot;background_video_link&quot;:&quot;https:\\\/\\\/www.youtube.com\\\/watch?si=1NWpeyIMoqZ98vGj&amp;v=wW8Lvi8-viQ&amp;feature=youtu.be&quot;}\">\n\t\t<div class=\"elementor-background-video-container elementor-hidden-mobile\" aria-hidden=\"true\">\n\t\t\t\t\t\t\t<div class=\"elementor-background-video-embed\"><\/div>\n\t\t\t\t\t\t<\/div>\t\t<div class=\"elementor-element elementor-element-7be75d3 elementor-view-default elementor-widget elementor-widget-icon\" data-id=\"7be75d3\" data-element_type=\"widget\" data-widget_type=\"icon.default\">\n\t\t\t\t<div class=\"elementor-widget-container\">\n\t\t\t\t\t\t\t<div class=\"elementor-icon-wrapper\">\n\t\t\t<a class=\"elementor-icon\" href=\"#elementor-action%3Aaction%3Dlightbox%26settings%3DeyJ0eXBlIjoidmlkZW8iLCJ2aWRlb1R5cGUiOiJ5b3V0dWJlIiwidXJsIjoiaHR0cHM6XC9cL3d3dy55b3V0dWJlLmNvbVwvZW1iZWRcL3dXOEx2aTgtdmlRP2ZlYXR1cmU9b2VtYmVkIn0%3D\">\n\t\t\t<i aria-hidden=\"true\" class=\"far fa-play-circle\"><\/i>\t\t\t<\/a>\n\t\t<\/div>\n\t\t\t\t\t\t<\/div>\n\t\t\t\t<\/div>\n\t\t\t\t<\/div>\n\t\t\t\t\t<\/div>\n\t\t\t\t<\/div>\n\t\t\t\t<\/div>\n\t\t","protected":false},"excerpt":{"rendered":"<p>Quem Somos Voc\u00ea conquistou seu patrim\u00f4nio. N\u00f3s cuidamos dos outros detalhes.Nosso cliente vive a realiza\u00e7\u00e3o dos seus sonhos com a tranquilidade de ter seu patrim\u00f4nio sendo protegido e valorizado. Uma empresa s\u00f3lida para cuidar da sua.<\/p>\n","protected":false},"author":2,"featured_media":0,"parent":0,"menu_order":0,"comment_status":"closed","ping_status":"closed","template":"","meta":{"footnotes":""},"class_list":["post-4522","page","type-page","status-publish","hentry"],"_links":{"self":[{"href":"https:\/\/imoveisemporto.com.br\/azuladm\/wp-json\/wp\/v2\/pages\/4522","targetHints":{"allow":["GET"]}}],"collection":[{"href":"https:\/\/imoveisemporto.com.br\/azuladm\/wp-json\/wp\/v2\/pages"}],"about":[{"href":"https:\/\/imoveisemporto.com.br\/azuladm\/wp-json\/wp\/v2\/types\/page"}],"author":[{"embeddable":true,"href":"https:\/\/imoveisemporto.com.br\/azuladm\/wp-json\/wp\/v2\/users\/2"}],"replies":[{"embeddable":true,"href":"https:\/\/imoveisemporto.com.br\/azuladm\/wp-json\/wp\/v2\/comments?post=4522"}],"version-history":[{"count":67,"href":"https:\/\/imoveisemporto.com.br\/azuladm\/wp-json\/wp\/v2\/pages\/4522\/revisions"}],"predecessor-version":[{"id":5218,"href":"https:\/\/imoveisemporto.com.br\/azuladm\/wp-json\/wp\/v2\/pages\/4522\/revisions\/5218"}],"wp:attachment":[{"href":"https:\/\/imoveisemporto.com.br\/azuladm\/wp-json\/wp\/v2\/media?parent=4522"}],"curies":[{"name":"wp","href":"https:\/\/api.w.org\/{rel}","templated":true}]}}